{"id":2388,"date":"2021-11-30T10:09:23","date_gmt":"2021-11-30T10:09:23","guid":{"rendered":"https:\/\/giroenvans.cat\/servicios\/"},"modified":"2023-03-16T09:21:53","modified_gmt":"2023-03-16T09:21:53","slug":"servicios","status":"publish","type":"page","link":"https:\/\/giroenvans.cat\/es\/servicios\/","title":{"rendered":"Servicios"},"content":{"rendered":"\t\t<div data-elementor-type=\"wp-page\" data-elementor-id=\"2388\" class=\"elementor elementor-2388\" data-elementor-settings=\"[]\">\n\t\t\t\t\t\t<div class=\"elementor-inner\">\n\t\t\t\t\t\t\t<div class=\"elementor-section-wrap\">\n\t\t\t\t\t\t\t<section class=\"elementor-section elementor-top-section elementor-element elementor-element-a69e608 elementor-section-full_width elementor-section-height-default elementor-section-height-default\" data-id=\"a69e608\" data-element_type=\"section\">\n\t\t\t\t\t\t<div class=\"elementor-container elementor-column-gap-default\">\n\t\t\t\t\t\t\t<div class=\"elementor-row\">\n\t\t\t\t\t<div class=\"elementor-column elementor-col-50 elementor-top-column elementor-element elementor-element-e2f5e84\" data-id=\"e2f5e84\" data-element_type=\"column\">\n\t\t\t<div class=\"elementor-column-wrap elementor-element-populated\">\n\t\t\t\t\t\t\t<div class=\"elementor-widget-wrap\">\n\t\t\t\t\t\t<div class=\"elementor-element elementor-element-e031ff3 elementor-widget elementor-widget-quarty-portfolio\" data-id=\"e031ff3\" data-element_type=\"widget\" data-widget_type=\"quarty-portfolio.default\">\n\t\t\t\t<div class=\"elementor-widget-container\">\n\t\t\t\n\t\t<div class=\"qrt-section qrt-section-sf\">\n\t\t\t\t\t\t<div class=\"row\">\n\t\t\t  <div class=\"col-lg-12\">\n\t\t\t    <h3 class=\"qrt-mb-40 qrt-title-h\">\n\t\t\t    \t<span >\n\t\t          \t\tSERVICIOS\t\t        \t<\/span>\n\t\t\t    <\/h3>\n\t\t\t  <\/div>\n\t\t\t<\/div>\n\t\t\t\n\t\t\t\t\t\t<div class=\"qrt-filter qrt-mb-40\">\n              <a href=\"#\" data-filter=\"*\" class=\"qrt-work-category qrt-current qrt-filter-icon qrt-cursor-color qrt-cursor-scale\"><i class=\"fas fa-filter\"><\/i>All Categories<\/a>\n                            <a href=\"#\" data-filter=\".category-techos\" class=\"qrt-work-category qrt-cursor-color qrt-cursor-scale\">Techos<\/a>\n                            <a href=\"#\" data-filter=\".category-revestimientos\" class=\"qrt-work-category qrt-cursor-color qrt-cursor-scale\">Revestimientos<\/a>\n                            <a href=\"#\" data-filter=\".category-aislamientos\" class=\"qrt-work-category qrt-cursor-color qrt-cursor-scale\">Aislamientos<\/a>\n                          <\/div>\n            \n                        <div class=\"qrt-masonry-grid qrt-mb-40 qrt-grid-2-col qrt-gallery qrt-grid-masonry qrt-grid-hide-details qrt-grid-hide-name qrt-grid-hide-link\">\n\n              <div class=\"qrt-grid-sizer\"><\/div>\n\n                           \t\n\n<div class=\"qrt-masonry-grid-item qrt-masonry-grid-item-50 category-aislamientos \">\n  <div class=\"qrt-work-item\">\n        <a  data-magnific-gallery data-no-swup data-elementor-lightbox-slideshow=\"gallery\" data-elementor-lightbox-title=\"Aislamientos\" href=\"https:\/\/giroenvans.cat\/wp-content\/uploads\/2021\/10\/7.jpg\" class=\"qrt-cursor-scale qrt-work-cover-frame\">\n      <img src=\"https:\/\/giroenvans.cat\/wp-content\/uploads\/2021\/10\/7.jpg\" alt=\"Aislamientos\">\n      <div class=\"qrt-item-zoom qrt-cursor-color\"><i class=\"fas fa-expand\"><\/i><\/div>\n      <div class=\"qrt-work-category\"><span>Aislamientos <\/span><\/div>\n    <\/a>\n        <div class=\"qrt-work-descr\">\n            <h4 class=\"qrt-cursor-color qrt-white\">\n        <a href=\"https:\/\/giroenvans.cat\/es\/portfolio\/item\/aislamientos-2\/\" class=\"qrt-anima-link\">Aislamientos<\/a>\n      <\/h4>\n            <a href=\"https:\/\/giroenvans.cat\/es\/portfolio\/item\/aislamientos-2\/\" class=\"qrt-cursor-scale qrt-work-more qrt-anima-link\"><i class=\"fas fa-arrow-right\"><\/i><\/a>\n    <\/div>\n  <\/div>\n<\/div>          \t               \t\n\n<div class=\"qrt-masonry-grid-item qrt-masonry-grid-item-50 category-aislamientos \">\n  <div class=\"qrt-work-item\">\n        <a  data-magnific-gallery data-no-swup data-elementor-lightbox-slideshow=\"gallery\" data-elementor-lightbox-title=\"Aislamientos\" href=\"https:\/\/giroenvans.cat\/wp-content\/uploads\/2021\/11\/c7fae9f7-a681-4069-86f2-f572d1f886f5.jpg\" class=\"qrt-cursor-scale qrt-work-cover-frame\">\n      <img src=\"https:\/\/giroenvans.cat\/wp-content\/uploads\/2021\/11\/c7fae9f7-a681-4069-86f2-f572d1f886f5.jpg\" alt=\"Aislamientos\">\n      <div class=\"qrt-item-zoom qrt-cursor-color\"><i class=\"fas fa-expand\"><\/i><\/div>\n      <div class=\"qrt-work-category\"><span>Aislamientos <\/span><\/div>\n    <\/a>\n        <div class=\"qrt-work-descr\">\n            <h4 class=\"qrt-cursor-color qrt-white\">\n        <a href=\"https:\/\/giroenvans.cat\/es\/portfolio\/item\/aislamientos\/\" class=\"qrt-anima-link\">Aislamientos<\/a>\n      <\/h4>\n            <a href=\"https:\/\/giroenvans.cat\/es\/portfolio\/item\/aislamientos\/\" class=\"qrt-cursor-scale qrt-work-more qrt-anima-link\"><i class=\"fas fa-arrow-right\"><\/i><\/a>\n    <\/div>\n  <\/div>\n<\/div>          \t               \t\n\n<div class=\"qrt-masonry-grid-item qrt-masonry-grid-item-50 category-revestimientos \">\n  <div class=\"qrt-work-item\">\n        <a  data-magnific-gallery data-no-swup data-elementor-lightbox-slideshow=\"gallery\" data-elementor-lightbox-title=\"Revestimientos\" href=\"https:\/\/giroenvans.cat\/wp-content\/uploads\/2021\/11\/e850cdec-61f5-4397-8235-5cb9a67e6bfc.jpg\" class=\"qrt-cursor-scale qrt-work-cover-frame\">\n      <img src=\"https:\/\/giroenvans.cat\/wp-content\/uploads\/2021\/11\/e850cdec-61f5-4397-8235-5cb9a67e6bfc.jpg\" alt=\"Revestimientos\">\n      <div class=\"qrt-item-zoom qrt-cursor-color\"><i class=\"fas fa-expand\"><\/i><\/div>\n      <div class=\"qrt-work-category\"><span>Revestimientos <\/span><\/div>\n    <\/a>\n        <div class=\"qrt-work-descr\">\n            <h4 class=\"qrt-cursor-color qrt-white\">\n        <a href=\"https:\/\/giroenvans.cat\/es\/portfolio\/item\/revestimientos-4\/\" class=\"qrt-anima-link\">Revestimientos<\/a>\n      <\/h4>\n            <a href=\"https:\/\/giroenvans.cat\/es\/portfolio\/item\/revestimientos-4\/\" class=\"qrt-cursor-scale qrt-work-more qrt-anima-link\"><i class=\"fas fa-arrow-right\"><\/i><\/a>\n    <\/div>\n  <\/div>\n<\/div>          \t               \t\n\n<div class=\"qrt-masonry-grid-item qrt-masonry-grid-item-50 category-revestimientos \">\n  <div class=\"qrt-work-item\">\n        <a  data-magnific-gallery data-no-swup data-elementor-lightbox-slideshow=\"gallery\" data-elementor-lightbox-title=\"Revestimientos\" href=\"https:\/\/giroenvans.cat\/wp-content\/uploads\/2021\/11\/95f4bd2c-a012-41f1-bee7-f40335eeaf62.jpeg\" class=\"qrt-cursor-scale qrt-work-cover-frame\">\n      <img src=\"https:\/\/giroenvans.cat\/wp-content\/uploads\/2021\/11\/95f4bd2c-a012-41f1-bee7-f40335eeaf62.jpeg\" alt=\"Revestimientos\">\n      <div class=\"qrt-item-zoom qrt-cursor-color\"><i class=\"fas fa-expand\"><\/i><\/div>\n      <div class=\"qrt-work-category\"><span>Revestimientos <\/span><\/div>\n    <\/a>\n        <div class=\"qrt-work-descr\">\n            <h4 class=\"qrt-cursor-color qrt-white\">\n        <a href=\"https:\/\/giroenvans.cat\/es\/portfolio\/item\/revestimientos-3\/\" class=\"qrt-anima-link\">Revestimientos<\/a>\n      <\/h4>\n            <a href=\"https:\/\/giroenvans.cat\/es\/portfolio\/item\/revestimientos-3\/\" class=\"qrt-cursor-scale qrt-work-more qrt-anima-link\"><i class=\"fas fa-arrow-right\"><\/i><\/a>\n    <\/div>\n  <\/div>\n<\/div>          \t               \t\n\n<div class=\"qrt-masonry-grid-item qrt-masonry-grid-item-50 category-revestimientos \">\n  <div class=\"qrt-work-item\">\n        <a  data-magnific-gallery data-no-swup data-elementor-lightbox-slideshow=\"gallery\" data-elementor-lightbox-title=\"Revestimientos\" href=\"https:\/\/giroenvans.cat\/wp-content\/uploads\/2021\/11\/722f68ce-69fc-4803-8ebd-aba16ce65e7b.jpeg\" class=\"qrt-cursor-scale qrt-work-cover-frame\">\n      <img src=\"https:\/\/giroenvans.cat\/wp-content\/uploads\/2021\/11\/722f68ce-69fc-4803-8ebd-aba16ce65e7b.jpeg\" alt=\"Revestimientos\">\n      <div class=\"qrt-item-zoom qrt-cursor-color\"><i class=\"fas fa-expand\"><\/i><\/div>\n      <div class=\"qrt-work-category\"><span>Revestimientos <\/span><\/div>\n    <\/a>\n        <div class=\"qrt-work-descr\">\n            <h4 class=\"qrt-cursor-color qrt-white\">\n        <a href=\"https:\/\/giroenvans.cat\/es\/portfolio\/item\/revestimientos-2\/\" class=\"qrt-anima-link\">Revestimientos<\/a>\n      <\/h4>\n            <a href=\"https:\/\/giroenvans.cat\/es\/portfolio\/item\/revestimientos-2\/\" class=\"qrt-cursor-scale qrt-work-more qrt-anima-link\"><i class=\"fas fa-arrow-right\"><\/i><\/a>\n    <\/div>\n  <\/div>\n<\/div>          \t               \t\n\n<div class=\"qrt-masonry-grid-item qrt-masonry-grid-item-50 category-revestimientos \">\n  <div class=\"qrt-work-item\">\n        <a  data-magnific-gallery data-no-swup data-elementor-lightbox-slideshow=\"gallery\" data-elementor-lightbox-title=\"Revestimientos\" href=\"https:\/\/giroenvans.cat\/wp-content\/uploads\/2021\/11\/13c0863e-d496-4de6-bdce-7b9fb43dc786.jpeg\" class=\"qrt-cursor-scale qrt-work-cover-frame\">\n      <img src=\"https:\/\/giroenvans.cat\/wp-content\/uploads\/2021\/11\/13c0863e-d496-4de6-bdce-7b9fb43dc786.jpeg\" alt=\"Revestimientos\">\n      <div class=\"qrt-item-zoom qrt-cursor-color\"><i class=\"fas fa-expand\"><\/i><\/div>\n      <div class=\"qrt-work-category\"><span>Revestimientos <\/span><\/div>\n    <\/a>\n        <div class=\"qrt-work-descr\">\n            <h4 class=\"qrt-cursor-color qrt-white\">\n        <a href=\"https:\/\/giroenvans.cat\/es\/portfolio\/item\/revestimientos\/\" class=\"qrt-anima-link\">Revestimientos<\/a>\n      <\/h4>\n            <a href=\"https:\/\/giroenvans.cat\/es\/portfolio\/item\/revestimientos\/\" class=\"qrt-cursor-scale qrt-work-more qrt-anima-link\"><i class=\"fas fa-arrow-right\"><\/i><\/a>\n    <\/div>\n  <\/div>\n<\/div>          \t               \t\n\n<div class=\"qrt-masonry-grid-item qrt-masonry-grid-item-50 category-techos \">\n  <div class=\"qrt-work-item\">\n        <a  data-magnific-gallery data-no-swup data-elementor-lightbox-slideshow=\"gallery\" data-elementor-lightbox-title=\"Techos\" href=\"https:\/\/giroenvans.cat\/wp-content\/uploads\/2021\/11\/5f95cc70-5865-470b-9748-a8ba8ed47796.jpg\" class=\"qrt-cursor-scale qrt-work-cover-frame\">\n      <img src=\"https:\/\/giroenvans.cat\/wp-content\/uploads\/2021\/11\/5f95cc70-5865-470b-9748-a8ba8ed47796.jpg\" alt=\"Techos\">\n      <div class=\"qrt-item-zoom qrt-cursor-color\"><i class=\"fas fa-expand\"><\/i><\/div>\n      <div class=\"qrt-work-category\"><span>Techos <\/span><\/div>\n    <\/a>\n        <div class=\"qrt-work-descr\">\n            <h4 class=\"qrt-cursor-color qrt-white\">\n        <a href=\"https:\/\/giroenvans.cat\/es\/portfolio\/item\/techos-2\/\" class=\"qrt-anima-link\">Techos<\/a>\n      <\/h4>\n            <a href=\"https:\/\/giroenvans.cat\/es\/portfolio\/item\/techos-2\/\" class=\"qrt-cursor-scale qrt-work-more qrt-anima-link\"><i class=\"fas fa-arrow-right\"><\/i><\/a>\n    <\/div>\n  <\/div>\n<\/div>          \t               \t\n\n<div class=\"qrt-masonry-grid-item qrt-masonry-grid-item-50 category-techos \">\n  <div class=\"qrt-work-item\">\n        <a  data-magnific-gallery data-no-swup data-elementor-lightbox-slideshow=\"gallery\" data-elementor-lightbox-title=\"Techos\" href=\"https:\/\/giroenvans.cat\/wp-content\/uploads\/2021\/10\/10.jpg\" class=\"qrt-cursor-scale qrt-work-cover-frame\">\n      <img src=\"https:\/\/giroenvans.cat\/wp-content\/uploads\/2021\/10\/10.jpg\" alt=\"Techos\">\n      <div class=\"qrt-item-zoom qrt-cursor-color\"><i class=\"fas fa-expand\"><\/i><\/div>\n      <div class=\"qrt-work-category\"><span>Techos <\/span><\/div>\n    <\/a>\n        <div class=\"qrt-work-descr\">\n            <h4 class=\"qrt-cursor-color qrt-white\">\n        <a href=\"https:\/\/giroenvans.cat\/es\/portfolio\/item\/techos\/\" class=\"qrt-anima-link\">Techos<\/a>\n      <\/h4>\n            <a href=\"https:\/\/giroenvans.cat\/es\/portfolio\/item\/techos\/\" class=\"qrt-cursor-scale qrt-work-more qrt-anima-link\"><i class=\"fas fa-arrow-right\"><\/i><\/a>\n    <\/div>\n  <\/div>\n<\/div>          \t              <\/div>\n            \n\t\t  \t\n\t\t\t        <\/div> \n\n\t\t\t\t<\/div>\n\t\t\t\t<\/div>\n\t\t\t\t\t\t<\/div>\n\t\t\t\t\t<\/div>\n\t\t<\/div>\n\t\t\t\t<div class=\"elementor-column elementor-col-50 elementor-top-column elementor-element elementor-element-60803d8\" data-id=\"60803d8\" data-element_type=\"column\">\n\t\t\t<div class=\"elementor-column-wrap elementor-element-populated\">\n\t\t\t\t\t\t\t<div class=\"elementor-widget-wrap\">\n\t\t\t\t\t\t<div class=\"elementor-element elementor-element-a009e4d elementor-widget elementor-widget-text-editor\" data-id=\"a009e4d\" data-element_type=\"widget\" data-widget_type=\"text-editor.default\">\n\t\t\t\t<div class=\"elementor-widget-container\">\n\t\t\t\t\t\t\t\t<div class=\"elementor-text-editor elementor-clearfix\">\n\t\t\t\t<p><b>Aislamiento ac\u00fastico:<br \/><\/b>Estudiamos cada caso individualmente para ofrecer las soluciones m\u00e1s adecuadas al mejor precio. Se consigue aplicando uno o m\u00e1s productos a un techo , trasdosado o tabique. Hay diferentes tipos de soluciones como pueden ser membranas ac\u00fasticas, lana de roca o tk-b2.<\/p><p><b>Aislamientos t\u00e9rmicos:<br \/><\/b>Se consiguen aplicando uno o m\u00e1s productos a un techo, trasdosado o tabique , hay diferentes tipos de soluciones como pueden ser manta t\u00e9rmica placas de poliuretano o lana de roca entre otra.<\/p><p><b>Tabiques:<br \/><\/b>Un tabique consta de un canal fijado al suelo i otro al forjado, dentro de este canal se colocan unos montantes que es por donde pasara la instalaciones de luz, agua, etc. De esta manera se consigue eliminar las regatas. Siempre es aconsejable entre los montantes colocar lana de roca as\u00ed se consigue un mejor resultado termo-ac\u00fastico. Luego se atornilla una o varias placas de yeso laminado a cada lado de los montantes. Finalmente se procede al tratamiento de juntas hasta dejar perfectamente y a punto para pintar, as\u00ed se consigue una \u00f3ptima divisi\u00f3n de interior.<br \/>De tabique hay de diferentes tipos dependiendo de las necesidades de cada cliente, diferentes gruesos, ac\u00fasticos, t\u00e9rmicos, etc.<\/p><p><b>Trasdosado o revestimiento de pared existente:<br \/><\/b>Un trasdosado consta de un canal fijado al suelo y otro al forjado, dentro de estos canales se colocan unos montantes de acero galvanizado entre estos es por donde pasara la instalaci\u00f3n de luz agua etc. De esta manera se consigue eliminar las regatas, siempre es aconsejable entre los montantes colocar aislamiento con lana de roca paro conseguir un mejor resultado termo-ac\u00fastico , despu\u00e9s se atornilla una o varias placas de yeso laminado a un lado de los montantes, finalmente se procede al tratamiento de juntas hasta dejar perfectamente acabado y listo para pintar as\u00ed se consigue un \u00f3ptimo revestimiento de pared o muro existente<br \/>De trasdosado hay de diferentes tipos dependiendo de las necesidades de cada cliente, diferentes gruesos y diferentes rendimientos ac\u00fasticos o t\u00e9rmicos.<\/p><p><b>Techos:<br \/><\/b>Techo continuo consta de una estructura de maestras de acero galvanizado fijado al forjado en las cuales se atornilla una o varias placas de yeso laminado finalmente se procede al tratamiento de juntas hasta dejar perfectamente acabado i a punto para pintar.<\/p><p>Techo desmontable o decorativo consta de una estructura de perfiles que pueden ser vistos o ocultos sobre los cuales se pueden colocar diferentes tipos de placas desmontables o decorativas.<\/p><p><b>Protecci\u00f3n pasiva contra el fuego:<br \/><\/b>Se consigue mediante diferentes tipos de placas dependiendo de si es necesario hacer un techo, trasdosado, tabique, protecci\u00f3n de bigas o pilares de hierro, corta fuego en naves industriales etc. Var\u00edan mucho los tipos de placas dependiendo a la resistencia al fuego que se necesite, puede ser de 30 minutos, 60 minutos, 90 minutos, 120 minutos hasta incluso de 180 minutos, en todas nuestras faenas de protecci\u00f3n contra el fuego se adjunta el certificado correspondiente.<\/p><p><b>Aislamientos contra la humedad:<br \/><\/b>Aislamos su vivienda contra la humedad con una soluci\u00f3n compuesta de estructura met\u00e1lica con una placa con barrera de vapor de esta manera se consigue que la humedad no traspase.<\/p>\t\t\t\t\t<\/div>\n\t\t\t\t\t\t<\/div>\n\t\t\t\t<\/div>\n\t\t\t\t\t\t<\/div>\n\t\t\t\t\t<\/div>\n\t\t<\/div>\n\t\t\t\t\t\t\t\t<\/div>\n\t\t\t\t\t<\/div>\n\t\t<\/section>\n\t\t\t\t<section class=\"elementor-section elementor-top-section elementor-element elementor-element-833bbe0 elementor-section-full_width elementor-section-height-default elementor-section-height-default\" data-id=\"833bbe0\" data-element_type=\"section\">\n\t\t\t\t\t\t<div class=\"elementor-container elementor-column-gap-no\">\n\t\t\t\t\t\t\t<div class=\"elementor-row\">\n\t\t\t\t\t<div class=\"elementor-column elementor-col-100 elementor-top-column elementor-element elementor-element-ab61bfb\" data-id=\"ab61bfb\" data-element_type=\"column\">\n\t\t\t<div class=\"elementor-column-wrap elementor-element-populated\">\n\t\t\t\t\t\t\t<div class=\"elementor-widget-wrap\">\n\t\t\t\t\t\t<div class=\"elementor-element elementor-element-269f601 elementor-widget elementor-widget-quarty-cta\" data-id=\"269f601\" data-element_type=\"widget\" data-widget_type=\"quarty-cta.default\">\n\t\t\t\t<div class=\"elementor-widget-container\">\n\t\t\t\n\t\t<div class=\"row\">\n          <div class=\"col-lg-12\">\n            <div class=\"qrt-call-to-action\">\n                            <h4>\n              \t<span >\n\t          \t\tLos precios m\u00e1s ajustados del mercado con la m\u00e1xima calidad.\t        \t<\/span>\n              <\/h4>\n                                          <a href=\"\/es\/contacto\" class=\"qrt-btn qrt-btn-sm qrt-btn-color qrt-cursor-scale qrt-anima-link\">\n              \t<span >\n\t          \t\tSOLICITA PRESUPUESTO\t        \t<\/span>\n              <\/a>\n                          <\/div>\n          <\/div>\n        <\/div>\n\n\t\t\t\t<\/div>\n\t\t\t\t<\/div>\n\t\t\t\t\t\t<\/div>\n\t\t\t\t\t<\/div>\n\t\t<\/div>\n\t\t\t\t\t\t\t\t<\/div>\n\t\t\t\t\t<\/div>\n\t\t<\/section>\n\t\t\t\t<section class=\"elementor-section elementor-top-section elementor-element elementor-element-afcf246 elementor-section-boxed elementor-section-height-default elementor-section-height-default\" data-id=\"afcf246\" data-element_type=\"section\">\n\t\t\t\t\t\t<div class=\"elementor-container elementor-column-gap-default\">\n\t\t\t\t\t\t\t<div class=\"elementor-row\">\n\t\t\t\t\t<div class=\"elementor-column elementor-col-100 elementor-top-column elementor-element elementor-element-a3873fb\" data-id=\"a3873fb\" data-element_type=\"column\">\n\t\t\t<div class=\"elementor-column-wrap\">\n\t\t\t\t\t\t\t<div class=\"elementor-widget-wrap\">\n\t\t\t\t\t\t\t\t<\/div>\n\t\t\t\t\t<\/div>\n\t\t<\/div>\n\t\t\t\t\t\t\t\t<\/div>\n\t\t\t\t\t<\/div>\n\t\t<\/section>\n\t\t\t\t\t\t<\/div>\n\t\t\t\t\t\t<\/div>\n\t\t\t\t\t<\/div>\n\t\t","protected":false},"excerpt":{"rendered":"<p>SERVICIOS All Categories Sostres Revestiment A\u00efllaments A\u00efllaments A\u00efllaments Sostres Sostres Sostres Sostres Revestiment Revestiment Revestiment Revestiment Revestiment Revestiment Revestiment Revestiment&#8230; <span class=\"qrt-el-more\"><a href=\"https:\/\/giroenvans.cat\/es\/portfolio\/item\/techos\/\" class=\"qrt-link qrt-color-link qrt-cursor-scale qrt-w-chevron\">Read more<\/a><\/span><\/p>\n","protected":false},"author":1,"featured_media":0,"parent":0,"menu_order":0,"comment_status":"closed","ping_status":"closed","template":"template-layout-builder.php","meta":[],"_links":{"self":[{"href":"https:\/\/giroenvans.cat\/es\/wp-json\/wp\/v2\/pages\/2388"}],"collection":[{"href":"https:\/\/giroenvans.cat\/es\/wp-json\/wp\/v2\/pages"}],"about":[{"href":"https:\/\/giroenvans.cat\/es\/wp-json\/wp\/v2\/types\/page"}],"author":[{"embeddable":true,"href":"https:\/\/giroenvans.cat\/es\/wp-json\/wp\/v2\/users\/1"}],"replies":[{"embeddable":true,"href":"https:\/\/giroenvans.cat\/es\/wp-json\/wp\/v2\/comments?post=2388"}],"version-history":[{"count":12,"href":"https:\/\/giroenvans.cat\/es\/wp-json\/wp\/v2\/pages\/2388\/revisions"}],"predecessor-version":[{"id":2458,"href":"https:\/\/giroenvans.cat\/es\/wp-json\/wp\/v2\/pages\/2388\/revisions\/2458"}],"wp:attachment":[{"href":"https:\/\/giroenvans.cat\/es\/wp-json\/wp\/v2\/media?parent=2388"}],"curies":[{"name":"wp","href":"https:\/\/api.w.org\/{rel}","templated":true}]}}